{"id":435,"date":"2022-10-03T11:14:03","date_gmt":"2022-10-03T09:14:03","guid":{"rendered":"https:\/\/www.delem-decolletage.com\/?page_id=435"},"modified":"2022-10-03T12:17:49","modified_gmt":"2022-10-03T10:17:49","slug":"bar-turning-in-the-aeronautics-sector","status":"publish","type":"page","link":"https:\/\/www.delem-decolletage.com\/en\/bar-turning-in-the-aeronautics-sector\/","title":{"rendered":"Bar turning in the aeronautics sector"},"content":{"rendered":"<p>[vc_row full_width=&#8221;stretch_row_content_no_spaces&#8221; equal_height=&#8221;yes&#8221; el_class=&#8221;block-encarts-txt-img&#8221;][vc_column width=&#8221;1\/2&#8243; el_class=&#8221;titre-txt&#8221;][vc_column_text]<\/p>\n<p class=\"effet-txt-gris\">DELEM D\u00c9COLLETAGE<\/p>\n<p>[\/vc_column_text][vc_column_text]<\/p>\n<h2 class=\"titre-h2-bleu\">Bar turning in the aeronautics sector<\/h2>\n<p>[\/vc_column_text][vc_column_text]Delem manufactures contact for <strong class=\"d2b\">connectors for civil and military aeronautical equipment<\/strong>. These <strong class=\"d2b\">connectors<\/strong>, mounted on <strong class=\"d2b\">aircraft<\/strong>, ensure the on-board audio links and external links.<\/p>\n<p>Our parts, <strong class=\"d2b\">machined in copper alloy<\/strong>, are assembled in the <strong class=\"d2b\">connectors of the on-board equipment<\/strong>, <strong class=\"d2b\">cockpit<\/strong> (power supply function of the illuminated faces) and <strong class=\"d2b\">audio interfaces<\/strong>.[\/vc_column_text][vc_empty_space height=&#8221;5px&#8221;][vc_gallery type=&#8221;image_grid&#8221; images=&#8221;311,312,313,314&#8243;][vc_empty_space height=&#8221;5px&#8221;][vc_btn title=&#8221;Contact us&#8221; style=&#8221;custom&#8221; custom_text=&#8221;#000000&#8243; shape=&#8221;square&#8221; align=&#8221;center&#8221; link=&#8221;url:%2Fen%2Fcontact%2F&#8221; el_class=&#8221;btn-hover-effect&#8221;][\/vc_column][vc_column width=&#8221;1\/2&#8243; el_class=&#8221;img&#8221;][vc_single_image image=&#8221;85&#8243; img_size=&#8221;full&#8221;][\/vc_column][\/vc_row][vc_row full_width=&#8221;stretch_row_content_no_spaces&#8221; equal_height=&#8221;yes&#8221; disable_element=&#8221;yes&#8221; el_class=&#8221;block-encarts-txt-img&#8221;][vc_column width=&#8221;1\/2&#8243; el_class=&#8221;titre-txt&#8221;][vc_column_text]<\/p>\n<h4>Exemple de pi\u00e8ces d\u00e9collet\u00e9es en laiton :<\/h4>\n<ul>\n<li><strong class=\"d2b\">Picot pour C.I en laiton<\/strong><\/li>\n<\/ul>\n<p>[\/vc_column_text][\/vc_column][vc_column width=&#8221;1\/2&#8243; el_class=&#8221;img&#8221;][\/vc_column][\/vc_row]<\/p>\n","protected":false},"excerpt":{"rendered":"<p>[vc_row full_width=&#8221;stretch_row_content_no_spaces&#8221; equal_height=&#8221;yes&#8221; el_class=&#8221;block-encarts-txt-img&#8221;][vc_column width=&#8221;1\/2&#8243; el_class=&#8221;titre-txt&#8221;][vc_column_text] DELEM D\u00c9COLLETAGE [\/vc_column_text][vc_column_text] Bar turning in the aeronautics sector [\/vc_column_text][vc_column_text]Delem manufactures contact for connectors for civil and military aeronautical equipment.<span class=\"excerpt-hellip\"> [\u2026]<\/span><\/p>\n","protected":false},"author":1,"featured_media":0,"parent":0,"menu_order":0,"comment_status":"closed","ping_status":"closed","template":"","meta":{"footnotes":""},"class_list":["post-435","page","type-page","status-publish","hentry"],"yoast_head":"<!-- This site is optimized with the Yoast SEO plugin v24.9 - https:\/\/yoast.com\/wordpress\/plugins\/seo\/ -->\n<title>Part machining for aeronautical connector, manufacturer copper cockpit connector, radio<\/title>\n<meta name=\"description\" content=\"DELEM manufactures copper connectors for the aeronautical sector. Contact us for your radio or cockpit part needs.\" \/>\n<meta name=\"robots\" content=\"index, follow, max-snippet:-1, max-image-preview:large, max-video-preview:-1\" \/>\n<link rel=\"canonical\" href=\"https:\/\/www.delem-decolletage.com\/en\/bar-turning-in-the-aeronautics-sector\/\" \/>\n<meta property=\"og:locale\" content=\"en_US\" \/>\n<meta property=\"og:type\" content=\"article\" \/>\n<meta property=\"og:title\" content=\"Part machining for aeronautical connector, manufacturer copper cockpit connector, radio\" \/>\n<meta property=\"og:description\" content=\"DELEM manufactures copper connectors for the aeronautical sector. Contact us for your radio or cockpit part needs.\" \/>\n<meta property=\"og:url\" content=\"https:\/\/www.delem-decolletage.com\/en\/bar-turning-in-the-aeronautics-sector\/\" \/>\n<meta property=\"og:site_name\" content=\"Delem d\u00e9colletage\" \/>\n<meta property=\"article:modified_time\" content=\"2022-10-03T10:17:49+00:00\" \/>\n<meta name=\"twitter:card\" content=\"summary_large_image\" \/>\n<meta name=\"twitter:label1\" content=\"Est. reading time\" \/>\n\t<meta name=\"twitter:data1\" content=\"1 minute\" \/>\n<script type=\"application\/ld+json\" class=\"yoast-schema-graph\">{\"@context\":\"https:\/\/schema.org\",\"@graph\":[{\"@type\":\"WebPage\",\"@id\":\"https:\/\/www.delem-decolletage.com\/en\/bar-turning-in-the-aeronautics-sector\/\",\"url\":\"https:\/\/www.delem-decolletage.com\/en\/bar-turning-in-the-aeronautics-sector\/\",\"name\":\"Part machining for aeronautical connector, manufacturer copper cockpit connector, radio\",\"isPartOf\":{\"@id\":\"https:\/\/www.delem-decolletage.com\/en\/#website\"},\"datePublished\":\"2022-10-03T09:14:03+00:00\",\"dateModified\":\"2022-10-03T10:17:49+00:00\",\"description\":\"DELEM manufactures copper connectors for the aeronautical sector. Contact us for your radio or cockpit part needs.\",\"breadcrumb\":{\"@id\":\"https:\/\/www.delem-decolletage.com\/en\/bar-turning-in-the-aeronautics-sector\/#breadcrumb\"},\"inLanguage\":\"en-US\",\"potentialAction\":[{\"@type\":\"ReadAction\",\"target\":[\"https:\/\/www.delem-decolletage.com\/en\/bar-turning-in-the-aeronautics-sector\/\"]}]},{\"@type\":\"BreadcrumbList\",\"@id\":\"https:\/\/www.delem-decolletage.com\/en\/bar-turning-in-the-aeronautics-sector\/#breadcrumb\",\"itemListElement\":[{\"@type\":\"ListItem\",\"position\":1,\"name\":\"Accueil\",\"item\":\"https:\/\/www.delem-decolletage.com\/en\/\"},{\"@type\":\"ListItem\",\"position\":2,\"name\":\"Bar turning in the aeronautics sector\"}]},{\"@type\":\"WebSite\",\"@id\":\"https:\/\/www.delem-decolletage.com\/en\/#website\",\"url\":\"https:\/\/www.delem-decolletage.com\/en\/\",\"name\":\"Delem d\u00e9colletage\",\"description\":\"Micro-d\u00e9colletage\",\"potentialAction\":[{\"@type\":\"SearchAction\",\"target\":{\"@type\":\"EntryPoint\",\"urlTemplate\":\"https:\/\/www.delem-decolletage.com\/en\/?s={search_term_string}\"},\"query-input\":{\"@type\":\"PropertyValueSpecification\",\"valueRequired\":true,\"valueName\":\"search_term_string\"}}],\"inLanguage\":\"en-US\"}]}<\/script>\n<!-- \/ Yoast SEO plugin. -->","yoast_head_json":{"title":"Part machining for aeronautical connector, manufacturer copper cockpit connector, radio","description":"DELEM manufactures copper connectors for the aeronautical sector. Contact us for your radio or cockpit part needs.","robots":{"index":"index","follow":"follow","max-snippet":"max-snippet:-1","max-image-preview":"max-image-preview:large","max-video-preview":"max-video-preview:-1"},"canonical":"https:\/\/www.delem-decolletage.com\/en\/bar-turning-in-the-aeronautics-sector\/","og_locale":"en_US","og_type":"article","og_title":"Part machining for aeronautical connector, manufacturer copper cockpit connector, radio","og_description":"DELEM manufactures copper connectors for the aeronautical sector. Contact us for your radio or cockpit part needs.","og_url":"https:\/\/www.delem-decolletage.com\/en\/bar-turning-in-the-aeronautics-sector\/","og_site_name":"Delem d\u00e9colletage","article_modified_time":"2022-10-03T10:17:49+00:00","twitter_card":"summary_large_image","twitter_misc":{"Est. reading time":"1 minute"},"schema":{"@context":"https:\/\/schema.org","@graph":[{"@type":"WebPage","@id":"https:\/\/www.delem-decolletage.com\/en\/bar-turning-in-the-aeronautics-sector\/","url":"https:\/\/www.delem-decolletage.com\/en\/bar-turning-in-the-aeronautics-sector\/","name":"Part machining for aeronautical connector, manufacturer copper cockpit connector, radio","isPartOf":{"@id":"https:\/\/www.delem-decolletage.com\/en\/#website"},"datePublished":"2022-10-03T09:14:03+00:00","dateModified":"2022-10-03T10:17:49+00:00","description":"DELEM manufactures copper connectors for the aeronautical sector. Contact us for your radio or cockpit part needs.","breadcrumb":{"@id":"https:\/\/www.delem-decolletage.com\/en\/bar-turning-in-the-aeronautics-sector\/#breadcrumb"},"inLanguage":"en-US","potentialAction":[{"@type":"ReadAction","target":["https:\/\/www.delem-decolletage.com\/en\/bar-turning-in-the-aeronautics-sector\/"]}]},{"@type":"BreadcrumbList","@id":"https:\/\/www.delem-decolletage.com\/en\/bar-turning-in-the-aeronautics-sector\/#breadcrumb","itemListElement":[{"@type":"ListItem","position":1,"name":"Accueil","item":"https:\/\/www.delem-decolletage.com\/en\/"},{"@type":"ListItem","position":2,"name":"Bar turning in the aeronautics sector"}]},{"@type":"WebSite","@id":"https:\/\/www.delem-decolletage.com\/en\/#website","url":"https:\/\/www.delem-decolletage.com\/en\/","name":"Delem d\u00e9colletage","description":"Micro-d\u00e9colletage","potentialAction":[{"@type":"SearchAction","target":{"@type":"EntryPoint","urlTemplate":"https:\/\/www.delem-decolletage.com\/en\/?s={search_term_string}"},"query-input":{"@type":"PropertyValueSpecification","valueRequired":true,"valueName":"search_term_string"}}],"inLanguage":"en-US"}]}},"_links":{"self":[{"href":"https:\/\/www.delem-decolletage.com\/en\/wp-json\/wp\/v2\/pages\/435","targetHints":{"allow":["GET"]}}],"collection":[{"href":"https:\/\/www.delem-decolletage.com\/en\/wp-json\/wp\/v2\/pages"}],"about":[{"href":"https:\/\/www.delem-decolletage.com\/en\/wp-json\/wp\/v2\/types\/page"}],"author":[{"embeddable":true,"href":"https:\/\/www.delem-decolletage.com\/en\/wp-json\/wp\/v2\/users\/1"}],"replies":[{"embeddable":true,"href":"https:\/\/www.delem-decolletage.com\/en\/wp-json\/wp\/v2\/comments?post=435"}],"version-history":[{"count":3,"href":"https:\/\/www.delem-decolletage.com\/en\/wp-json\/wp\/v2\/pages\/435\/revisions"}],"predecessor-version":[{"id":800,"href":"https:\/\/www.delem-decolletage.com\/en\/wp-json\/wp\/v2\/pages\/435\/revisions\/800"}],"wp:attachment":[{"href":"https:\/\/www.delem-decolletage.com\/en\/wp-json\/wp\/v2\/media?parent=435"}],"curies":[{"name":"wp","href":"https:\/\/api.w.org\/{rel}","templated":true}]}}