{"id":437,"date":"2021-01-22T15:01:59","date_gmt":"2021-01-22T14:01:59","guid":{"rendered":"https:\/\/www.delem-decolletage.com\/?page_id=437"},"modified":"2024-12-18T10:49:12","modified_gmt":"2024-12-18T09:49:12","slug":"screw-cutting-of-industrial-connectors","status":"publish","type":"page","link":"https:\/\/www.delem-decolletage.com\/en\/screw-cutting-of-industrial-connectors\/","title":{"rendered":"Screw-cutting of industrial connectors"},"content":{"rendered":"<p>[vc_row full_width=&#8221;stretch_row_content_no_spaces&#8221; equal_height=&#8221;yes&#8221; el_class=&#8221;block-encarts-txt-img&#8221;][vc_column width=&#8221;1\/2&#8243; el_class=&#8221;titre-txt&#8221;][vc_column_text]<\/p>\n<p class=\"effet-txt-gris\">DELEM D\u00c9COLLETAGE<\/p>\n<p>[\/vc_column_text][vc_column_text]<\/p>\n<h2 class=\"titre-h2-bleu\">Industry<\/h2>\n<p>[\/vc_column_text][vc_column_text]For the industrial sector, DELEM manufactures <strong class=\"d2b\">components<\/strong> including <strong class=\"d2b\">connectors<\/strong> used in the <strong class=\"d2b\">transmission of signals<\/strong>, <strong class=\"d2b\">data<\/strong> and for <strong class=\"d2b\">power supply<\/strong>.<\/p>\n<p>Our <strong class=\"d2b\">contacts<\/strong> can be mounted in both miniature and <strong class=\"d2b\">multi-pole connectors<\/strong> for all types of machines. These <strong class=\"d2b\">contacts<\/strong> are <strong class=\"d2b\">machined from copper alloy<\/strong>.<\/p>\n<p>We make <strong class=\"d2b\">male and female contacts<\/strong> with various termination options including <strong class=\"d2b\">solder barrel<\/strong> or <strong class=\"d2b\">crimp barrel<\/strong>. We can provide both global and selective annealing on crimp contacts.<\/p>\n<p>Our <strong class=\"d2b\">contacts<\/strong> are used in a wide range of applications:<\/p>\n<ul>\n<li>logistics,<\/li>\n<li>energy,<\/li>\n<li>measurement, control and regulation technology as well as in<\/li>\n<li>automation.<\/li>\n<\/ul>\n<p>They are also integrated in <strong>power connectors<\/strong> for <strong>powering motors<\/strong>, drives, variable voltage motor <strong>switches<\/strong> and in <strong>fiber optic connectors<\/strong>.[\/vc_column_text][vc_empty_space height=&#8221;5px&#8221;][vc_gallery type=&#8221;image_grid&#8221; images=&#8221;321,322,323&#8243;][\/vc_column][vc_column width=&#8221;1\/2&#8243; el_class=&#8221;img&#8221;][vc_single_image image=&#8221;88&#8243; img_size=&#8221;full&#8221;][vc_btn title=&#8221;Contact us&#8221; style=&#8221;custom&#8221; custom_text=&#8221;#000000&#8243; shape=&#8221;square&#8221; align=&#8221;left&#8221; link=&#8221;url:%2Fen%2Fcontact%2F&#8221; el_class=&#8221;btn-hover-effect&#8221;][\/vc_column][\/vc_row][vc_row full_width=&#8221;stretch_row_content_no_spaces&#8221; equal_height=&#8221;yes&#8221; disable_element=&#8221;yes&#8221; el_class=&#8221;block-encarts-txt-img&#8221;][vc_column width=&#8221;1\/2&#8243; el_class=&#8221;titre-txt&#8221;][vc_column_text]<\/p>\n<h4>Exemple de pi\u00e8ces d\u00e9collet\u00e9es en CuBe 2 :<\/h4>\n<ul>\n<li>Douille fendue + resserr\u00e9e<\/li>\n<\/ul>\n<p>[\/vc_column_text][vc_empty_space height=&#8221;5px&#8221;][\/vc_column][vc_column width=&#8221;1\/2&#8243; el_class=&#8221;img&#8221;][\/vc_column][\/vc_row]<\/p>\n","protected":false},"excerpt":{"rendered":"<p>[vc_row full_width=&#8221;stretch_row_content_no_spaces&#8221; equal_height=&#8221;yes&#8221; el_class=&#8221;block-encarts-txt-img&#8221;][vc_column width=&#8221;1\/2&#8243; el_class=&#8221;titre-txt&#8221;][vc_column_text] DELEM D\u00c9COLLETAGE [\/vc_column_text][vc_column_text] Industry [\/vc_column_text][vc_column_text]For the industrial sector, DELEM manufactures components including connectors used in the transmission of signals, data<span class=\"excerpt-hellip\"> [\u2026]<\/span><\/p>\n","protected":false},"author":1,"featured_media":0,"parent":0,"menu_order":0,"comment_status":"closed","ping_status":"closed","template":"","meta":{"footnotes":""},"class_list":["post-437","page","type-page","status-publish","hentry"],"yoast_head":"<!-- This site is optimized with the Yoast SEO plugin v24.9 - https:\/\/yoast.com\/wordpress\/plugins\/seo\/ -->\n<title>Screw cutting subcontractor for industrial connectors<\/title>\n<meta name=\"description\" content=\"DELEM manufactures industrial connector parts. Visit our website for details and contact us for a price quote.\" \/>\n<meta name=\"robots\" content=\"index, follow, max-snippet:-1, max-image-preview:large, max-video-preview:-1\" \/>\n<link rel=\"canonical\" href=\"https:\/\/www.delem-decolletage.com\/en\/screw-cutting-of-industrial-connectors\/\" \/>\n<meta property=\"og:locale\" content=\"en_US\" \/>\n<meta property=\"og:type\" content=\"article\" \/>\n<meta property=\"og:title\" content=\"Screw cutting subcontractor for industrial connectors\" \/>\n<meta property=\"og:description\" content=\"DELEM manufactures industrial connector parts. Visit our website for details and contact us for a price quote.\" \/>\n<meta property=\"og:url\" content=\"https:\/\/www.delem-decolletage.com\/en\/screw-cutting-of-industrial-connectors\/\" \/>\n<meta property=\"og:site_name\" content=\"Delem d\u00e9colletage\" \/>\n<meta property=\"article:modified_time\" content=\"2024-12-18T09:49:12+00:00\" \/>\n<meta name=\"twitter:card\" content=\"summary_large_image\" \/>\n<meta name=\"twitter:label1\" content=\"Est. reading time\" \/>\n\t<meta name=\"twitter:data1\" content=\"1 minute\" \/>\n<script type=\"application\/ld+json\" class=\"yoast-schema-graph\">{\"@context\":\"https:\/\/schema.org\",\"@graph\":[{\"@type\":\"WebPage\",\"@id\":\"https:\/\/www.delem-decolletage.com\/en\/screw-cutting-of-industrial-connectors\/\",\"url\":\"https:\/\/www.delem-decolletage.com\/en\/screw-cutting-of-industrial-connectors\/\",\"name\":\"Screw cutting subcontractor for industrial connectors\",\"isPartOf\":{\"@id\":\"https:\/\/www.delem-decolletage.com\/en\/#website\"},\"datePublished\":\"2021-01-22T14:01:59+00:00\",\"dateModified\":\"2024-12-18T09:49:12+00:00\",\"description\":\"DELEM manufactures industrial connector parts. Visit our website for details and contact us for a price quote.\",\"breadcrumb\":{\"@id\":\"https:\/\/www.delem-decolletage.com\/en\/screw-cutting-of-industrial-connectors\/#breadcrumb\"},\"inLanguage\":\"en-US\",\"potentialAction\":[{\"@type\":\"ReadAction\",\"target\":[\"https:\/\/www.delem-decolletage.com\/en\/screw-cutting-of-industrial-connectors\/\"]}]},{\"@type\":\"BreadcrumbList\",\"@id\":\"https:\/\/www.delem-decolletage.com\/en\/screw-cutting-of-industrial-connectors\/#breadcrumb\",\"itemListElement\":[{\"@type\":\"ListItem\",\"position\":1,\"name\":\"Accueil\",\"item\":\"https:\/\/www.delem-decolletage.com\/en\/\"},{\"@type\":\"ListItem\",\"position\":2,\"name\":\"Screw-cutting of industrial connectors\"}]},{\"@type\":\"WebSite\",\"@id\":\"https:\/\/www.delem-decolletage.com\/en\/#website\",\"url\":\"https:\/\/www.delem-decolletage.com\/en\/\",\"name\":\"Delem d\u00e9colletage\",\"description\":\"Micro-d\u00e9colletage\",\"potentialAction\":[{\"@type\":\"SearchAction\",\"target\":{\"@type\":\"EntryPoint\",\"urlTemplate\":\"https:\/\/www.delem-decolletage.com\/en\/?s={search_term_string}\"},\"query-input\":{\"@type\":\"PropertyValueSpecification\",\"valueRequired\":true,\"valueName\":\"search_term_string\"}}],\"inLanguage\":\"en-US\"}]}<\/script>\n<!-- \/ Yoast SEO plugin. -->","yoast_head_json":{"title":"Screw cutting subcontractor for industrial connectors","description":"DELEM manufactures industrial connector parts. Visit our website for details and contact us for a price quote.","robots":{"index":"index","follow":"follow","max-snippet":"max-snippet:-1","max-image-preview":"max-image-preview:large","max-video-preview":"max-video-preview:-1"},"canonical":"https:\/\/www.delem-decolletage.com\/en\/screw-cutting-of-industrial-connectors\/","og_locale":"en_US","og_type":"article","og_title":"Screw cutting subcontractor for industrial connectors","og_description":"DELEM manufactures industrial connector parts. Visit our website for details and contact us for a price quote.","og_url":"https:\/\/www.delem-decolletage.com\/en\/screw-cutting-of-industrial-connectors\/","og_site_name":"Delem d\u00e9colletage","article_modified_time":"2024-12-18T09:49:12+00:00","twitter_card":"summary_large_image","twitter_misc":{"Est. reading time":"1 minute"},"schema":{"@context":"https:\/\/schema.org","@graph":[{"@type":"WebPage","@id":"https:\/\/www.delem-decolletage.com\/en\/screw-cutting-of-industrial-connectors\/","url":"https:\/\/www.delem-decolletage.com\/en\/screw-cutting-of-industrial-connectors\/","name":"Screw cutting subcontractor for industrial connectors","isPartOf":{"@id":"https:\/\/www.delem-decolletage.com\/en\/#website"},"datePublished":"2021-01-22T14:01:59+00:00","dateModified":"2024-12-18T09:49:12+00:00","description":"DELEM manufactures industrial connector parts. Visit our website for details and contact us for a price quote.","breadcrumb":{"@id":"https:\/\/www.delem-decolletage.com\/en\/screw-cutting-of-industrial-connectors\/#breadcrumb"},"inLanguage":"en-US","potentialAction":[{"@type":"ReadAction","target":["https:\/\/www.delem-decolletage.com\/en\/screw-cutting-of-industrial-connectors\/"]}]},{"@type":"BreadcrumbList","@id":"https:\/\/www.delem-decolletage.com\/en\/screw-cutting-of-industrial-connectors\/#breadcrumb","itemListElement":[{"@type":"ListItem","position":1,"name":"Accueil","item":"https:\/\/www.delem-decolletage.com\/en\/"},{"@type":"ListItem","position":2,"name":"Screw-cutting of industrial connectors"}]},{"@type":"WebSite","@id":"https:\/\/www.delem-decolletage.com\/en\/#website","url":"https:\/\/www.delem-decolletage.com\/en\/","name":"Delem d\u00e9colletage","description":"Micro-d\u00e9colletage","potentialAction":[{"@type":"SearchAction","target":{"@type":"EntryPoint","urlTemplate":"https:\/\/www.delem-decolletage.com\/en\/?s={search_term_string}"},"query-input":{"@type":"PropertyValueSpecification","valueRequired":true,"valueName":"search_term_string"}}],"inLanguage":"en-US"}]}},"_links":{"self":[{"href":"https:\/\/www.delem-decolletage.com\/en\/wp-json\/wp\/v2\/pages\/437","targetHints":{"allow":["GET"]}}],"collection":[{"href":"https:\/\/www.delem-decolletage.com\/en\/wp-json\/wp\/v2\/pages"}],"about":[{"href":"https:\/\/www.delem-decolletage.com\/en\/wp-json\/wp\/v2\/types\/page"}],"author":[{"embeddable":true,"href":"https:\/\/www.delem-decolletage.com\/en\/wp-json\/wp\/v2\/users\/1"}],"replies":[{"embeddable":true,"href":"https:\/\/www.delem-decolletage.com\/en\/wp-json\/wp\/v2\/comments?post=437"}],"version-history":[{"count":2,"href":"https:\/\/www.delem-decolletage.com\/en\/wp-json\/wp\/v2\/pages\/437\/revisions"}],"predecessor-version":[{"id":440,"href":"https:\/\/www.delem-decolletage.com\/en\/wp-json\/wp\/v2\/pages\/437\/revisions\/440"}],"wp:attachment":[{"href":"https:\/\/www.delem-decolletage.com\/en\/wp-json\/wp\/v2\/media?parent=437"}],"curies":[{"name":"wp","href":"https:\/\/api.w.org\/{rel}","templated":true}]}}